{"id":8,"date":"2007-10-09T20:16:55","date_gmt":"2007-10-09T18:16:55","guid":{"rendered":"http:\/\/www.skiclub-schussenried.de\/blog\/?page_id=8"},"modified":"2023-12-06T14:22:35","modified_gmt":"2023-12-06T13:22:35","slug":"links","status":"publish","type":"page","link":"https:\/\/www.skiclub-schussenried.de\/?page_id=8","title":{"rendered":"Links"},"content":{"rendered":"<p>Folgende interessante Seiten k\u00f6nnten Sie sich auch einmal anschauen:<\/p>\n<p><a title=\"http:\/\/www.online-SSV.de\" href=\"http:\/\/www.online-SSV.de\">www.online-SSV.de<\/a> (Der Schw\u00e4bische Ski Verband)<\/p>\n<p><a href=\"https:\/\/www.deutscherskiverband.de\/\">www.deutscherskiverband.de<\/a> (Der deutsche Skiverband)<\/p>\n<p><a href=\"https:\/\/www.skigebiet-balderschwang.de\/\">www.skigebiet-balderschwang.de<\/a> (Unser Skischul-Skigebiet Balderschwang)<\/p>\n<p><a title=\"www.FIS-ski.com\" href=\"http:\/\/www.FIS-ski.com\">www.FIS-ski.com<\/a> (Der internationale Skiverband)<\/p>\n<p><a title=\"www.Bad-Schussenried.de\" href=\"http:\/\/www.Bad-Schussenried.de\">www.Bad-Schussenried.de<\/a> (Die offizielle Seiten der Stadt)<\/p>\n<p><a href=\"https:\/\/www.ghv-bs.de\/\">www.ghv-bs.de<\/a> (Unsere Partner vom Gewerbe- und Handelsverein)<\/p>\n<p><a href=\"http:\/\/www.tv-bad-schussenried.de\/\">www.tv-bad-schussenried.de<\/a> (Unser Turnverein Bad Schussenried)<\/p>\n<p><a title=\"www.FVS1921.de\" href=\"http:\/\/www.FVS1921.de\">www.FVS1921.de<\/a> (Die Seiten des Fu\u00dfballvereins Bad Schussenried)<\/p>\n<p><a title=\"www.tc-bad-schussenried.de\" href=\"http:\/\/www.tc-bad-schussenried.de\">www.tc-bad-schussenried.de<\/a> (Homepage der Schussenrieder Tennisspieler)<\/p>\n<p><a title=\"www.ttc-bad-schussenried.de\" href=\"http:\/\/www.ttc-bad-schussenried.de\">www.ttc-bad-schussenried.de<\/a> (Der Tischtennis-Club Bad Schussenried)<\/p>\n<p><a href=\"http:\/\/www.holzofendinnede.com\/\">www.holzofendinnede.com<\/a> (Holzofendinnede Thomas Abt, Bad Schussenried)<\/p>\n<address><span style=\"color: #808080;\">.<\/span><\/address>\n<address><span style=\"color: #808080;\">.<\/span><\/address>\n<address><span style=\"color: #808080;\">.<\/span><\/address>\n<address><span style=\"color: #808080;\">.<\/span><\/address>\n<h6><span style=\"color: #999999;\"><em>&#8220; Mit Urteil vom 12. Mai 1998 hat das Landgericht Hamburg entschieden, dass man durch die Ausbringung eines Links die Inhalte der gelinkten Seite ggf. mit zu verantworten hat. Dies kann &#8211; so das LG &#8211; nur dadurch verhindert werden, dass man sich ausdr\u00fccklich von diesen Inhalten distanziert. Wir haben auf dieser Seite Links zu anderen Seiten im Internet gelegt. F\u00fcr alle diese Links gilt: Wir m\u00f6chten ausdr\u00fccklich betonen, dass wir keinerlei Einfluss auf die Gestaltung und die Inhalte der gelinkten Seiten haben. Deshalb distanzieren wir uns hiermit ausdr\u00fccklich von allen Inhalten aller gelinkten Seiten auf dieser Homepage und machen uns ihre Inhalte nicht zueigen. Diese Erkl\u00e4rung gilt f\u00fcr alle auf unserer Homepage ausgebrachten Links, und f\u00fcr alle Inhalte deren Seiten, zu denen Links oder Banner f\u00fchren. &#8222;<\/em><\/span><\/h6>\n","protected":false},"excerpt":{"rendered":"<p>Folgende interessante Seiten k\u00f6nnten Sie sich auch einmal anschauen: www.online-SSV.de (Der Schw\u00e4bische Ski Verband) www.deutscherskiverband.de (Der deutsche Skiverband) www.skigebiet-balderschwang.de (Unser Skischul-Skigebiet Balderschwang) www.FIS-ski.com (Der internationale Skiverband) www.Bad-Schussenried.de (Die offizielle Seiten der Stadt) www.ghv-bs.de (Unsere Partner vom Gewerbe- und Handelsverein) www.tv-bad-schussenried.de (Unser Turnverein Bad Schussenried) www.FVS1921.de (Die Seiten des Fu\u00dfballvereins Bad Schussenried) www.tc-bad-schussenried.de (Homepage der Schussenrieder [&hellip;]<\/p>\n","protected":false},"author":2,"featured_media":0,"parent":0,"menu_order":9,"comment_status":"closed","ping_status":"closed","template":"","meta":{"footnotes":""},"_links":{"self":[{"href":"https:\/\/www.skiclub-schussenried.de\/index.php?rest_route=\/wp\/v2\/pages\/8"}],"collection":[{"href":"https:\/\/www.skiclub-schussenried.de\/index.php?rest_route=\/wp\/v2\/pages"}],"about":[{"href":"https:\/\/www.skiclub-schussenried.de\/index.php?rest_route=\/wp\/v2\/types\/page"}],"author":[{"embeddable":true,"href":"https:\/\/www.skiclub-schussenried.de\/index.php?rest_route=\/wp\/v2\/users\/2"}],"replies":[{"embeddable":true,"href":"https:\/\/www.skiclub-schussenried.de\/index.php?rest_route=%2Fwp%2Fv2%2Fcomments&post=8"}],"version-history":[{"count":6,"href":"https:\/\/www.skiclub-schussenried.de\/index.php?rest_route=\/wp\/v2\/pages\/8\/revisions"}],"predecessor-version":[{"id":897,"href":"https:\/\/www.skiclub-schussenried.de\/index.php?rest_route=\/wp\/v2\/pages\/8\/revisions\/897"}],"wp:attachment":[{"href":"https:\/\/www.skiclub-schussenried.de\/index.php?rest_route=%2Fwp%2Fv2%2Fmedia&parent=8"}],"curies":[{"name":"wp","href":"https:\/\/api.w.org\/{rel}","templated":true}]}}