{"id":5,"date":"2007-10-09T09:07:23","date_gmt":"2007-10-09T07:07:23","guid":{"rendered":"http:\/\/www.skiclub-schussenried.de\/blog\/?page_id=5"},"modified":"2023-12-05T16:18:26","modified_gmt":"2023-12-05T15:18:26","slug":"die-ski-und-snowboardschule","status":"publish","type":"page","link":"https:\/\/www.skiclub-schussenried.de\/?page_id=5","title":{"rendered":"Die Ski- und Snowboardschule"},"content":{"rendered":"<p>Seit Jahrzehnten bietet die ehemalige Vereinsskischule und heutige Skischule des Bad Schussenrieder Turnvereins durch ihr Skikursprogramm einen Weg, den Skisport nach neuesten Methoden zu erlernen. Gew\u00e4hrlsietet wird diese Methodik durch regelm\u00e4\u00dfige Fortbildungen\u00a0 durch den <a href=\"https:\/\/www.online-ssv.de\/\">Schw\u00e4bischen Skiverband e.V.<\/a> (SSV).<br \/>\nDie Skilehrer der Skischule erleichtern den Einstieg in das Ski fahren. Mit den richtigen Kniffen vom Fachmann gleich zum Anfang, spart man sich manch blauen Fleck und in der Gruppe macht es mehr Spa\u00df.<\/p>\n<p><strong>Organisation<\/strong><\/p>\n<ul>\n<li>Skischulorganisation\n<ul>\n<li>Jan Dehmel<\/li>\n<\/ul>\n<ul>\n<li>Simon Kraft<\/li>\n<\/ul>\n<ul>\n<li>Tim Siegler<\/li>\n<\/ul>\n<\/li>\n<\/ul>\n<ul>\n<li>Ausbildungswesen\n<ul>\n<li>Klaus Dieterich<\/li>\n<\/ul>\n<ul>\n<li>Uli Berner<\/li>\n<\/ul>\n<\/li>\n<\/ul>\n","protected":false},"excerpt":{"rendered":"<p>Seit Jahrzehnten bietet die ehemalige Vereinsskischule und heutige Skischule des Bad Schussenrieder Turnvereins durch ihr Skikursprogramm einen Weg, den Skisport nach neuesten Methoden zu erlernen. Gew\u00e4hrlsietet wird diese Methodik durch regelm\u00e4\u00dfige Fortbildungen\u00a0 durch den Schw\u00e4bischen Skiverband e.V. (SSV). Die Skilehrer der Skischule erleichtern den Einstieg in das Ski fahren. Mit den richtigen Kniffen vom Fachmann [&hellip;]<\/p>\n","protected":false},"author":2,"featured_media":0,"parent":0,"menu_order":6,"comment_status":"closed","ping_status":"closed","template":"","meta":{"footnotes":""},"_links":{"self":[{"href":"https:\/\/www.skiclub-schussenried.de\/index.php?rest_route=\/wp\/v2\/pages\/5"}],"collection":[{"href":"https:\/\/www.skiclub-schussenried.de\/index.php?rest_route=\/wp\/v2\/pages"}],"about":[{"href":"https:\/\/www.skiclub-schussenried.de\/index.php?rest_route=\/wp\/v2\/types\/page"}],"author":[{"embeddable":true,"href":"https:\/\/www.skiclub-schussenried.de\/index.php?rest_route=\/wp\/v2\/users\/2"}],"replies":[{"embeddable":true,"href":"https:\/\/www.skiclub-schussenried.de\/index.php?rest_route=%2Fwp%2Fv2%2Fcomments&post=5"}],"version-history":[{"count":7,"href":"https:\/\/www.skiclub-schussenried.de\/index.php?rest_route=\/wp\/v2\/pages\/5\/revisions"}],"predecessor-version":[{"id":867,"href":"https:\/\/www.skiclub-schussenried.de\/index.php?rest_route=\/wp\/v2\/pages\/5\/revisions\/867"}],"wp:attachment":[{"href":"https:\/\/www.skiclub-schussenried.de\/index.php?rest_route=%2Fwp%2Fv2%2Fmedia&parent=5"}],"curies":[{"name":"wp","href":"https:\/\/api.w.org\/{rel}","templated":true}]}}