{"id":4,"date":"2007-10-09T08:57:02","date_gmt":"2007-10-09T06:57:02","guid":{"rendered":"http:\/\/www.skiclub-schussenried.de\/blog\/?page_id=4"},"modified":"2012-11-16T15:27:37","modified_gmt":"2012-11-16T14:27:37","slug":"geschichte-der-skischule","status":"publish","type":"page","link":"https:\/\/www.skiclub-schussenried.de\/?page_id=4","title":{"rendered":"Geschichte des Skiclubs"},"content":{"rendered":"<p><strong>1962 &#8211; 2012: Skiclub Bad Schussenried<\/strong><\/p>\n<p><strong>Wie alles begann<\/strong><\/p>\n<p>Der zweitk\u00e4lteste Winter seit den Wetteraufzeichnungen, eine 70 Tage ununterbrochen vorhandene Schneedecke und die M\u00f6glichkeit u\u0308ber den zugefrorenen Bodensee zu spazieren: Der Winter 1962\/63 bot optimale Bedingungen fu\u0308r die ersten Skikurse in Schussenried. Organisiert vom damaligen Vorstand des Turnvereins Max Kurz wurde der Kurs am Katzenbuckel und Zellerhof durchgefu\u0308hrt, unterstu\u0308tzt von den ersten \u00dcbungsleitern Benno K\u00f6hle, Josef Ries und Josef Blaser. Somit entstand durch die vier Gru\u0308ndungsmitglieder die Abteilung Ski des Turnvereins Schussenried in diesem schneereichen Winter. Entscheidende Impulse fu\u0308r die Gru\u0308ndung gab insbesondere Josef \u201eSepp\u201c Ries, der begeisterter Bergsteiger und Skifahrer war und als Bergfu\u0308hrer und Skiausbilder bei der Bundeswehr fungierte. <\/p>\n<p>In der weiteren Geschichte des Skiclubs organisierten Josef Ries und Benno K\u00f6hle das erste Skirennen am Hang unter der Burg Otterswang. Der Glanzpunkt war hierbei die Seilwinde, die als erster Lift in Schussenried bezeichnet werden kann. Unterstu\u0308tzung bekam der Skiclub von Bundeswehrsoldaten, die am fru\u0308hen Morgen des besagten Tages auch angeru\u0308ckt waren. Leider hatte der u\u0308ber Nacht eingesetzte Regen die ganze Schneepracht dahingerafft, was das Rennen und damit die \u201eInbetriebnahme\u201c des Liftes unm\u00f6glich machten. Die erste \u00dcbungsleiterausbildung absolvierte Josef Blaser 1966 in Oberstdorf\/S\u00f6llereck. Anfang der 70er Jahre folgten dann Kurt Weishaupt, Gustav Strahl, Marlene Gnann, Heribert Gnann, Wolf Kehrle und Max Blersch mit der Ausbildung.<\/p>\n<p><strong>Der Skiclub w\u00e4chst<\/strong><\/p>\n<p>In Kooperation mit dem Skiclub Bad Buchau und organisiert von Benno K\u00f6hle und Klemens Diesch fanden die Kurse in der Saison 1967\/68 erstmals im Kreuztal statt. In den darauf folgenden Jahren fanden die Kurse regen Zuspruch und wurden teilweise von u\u0308ber 200 Kindern besucht. So wurde das Kreuztal mit sechs bis sieben Bussen von Schussenriedern und Buchauern gestu\u0308rmt und viele andere Wintersportler flu\u0308chteten regelrecht. <\/p>\n<p>Ebenfalls in der Saison 1967\/68 fand der erste Hu\u0308ttenaufenthalt in Raggal\/Gro\u00dfwalsertal statt. Der momentan dienst\u00e4lteste aktive \u00dcbungs- und aktueller Ausbildungsleiter Uli Berner ist seit 1979 Mitglied im Skiclub. Neben der \u201eganz alten Garde\u201c Benno K\u00f6hle, Erwin Niederer, Erwin Staudacher, Alois Ziesel u. A., stellten damals Ju\u0308rgen Niederer und Peter Enulat den Skilehrernachwuchs dar. Der einstige Ausbilder war Franz Kleber, der gleichzeitig auch Seriensieger der Stadtmeisterschaften war. Diese fanden seinerzeit noch in Mellau statt. <\/p>\n<p>In den 70er Jahren sto\u00df Max Blersch zum Skiclub (inzwischen \u201eBad\u201c) Schussenried und organisierte zusammen mit Karl-Heinz \u201eHeika\u201c Reich und Wolfgang \u201eMaus\u201c Lipp die Skikurse auf der Raggaler Hu\u0308tte sowie die legend\u00e4ren Hu\u0308ttenaufenthalte am Hirschberg. Noch heute schw\u00e4rmen viele der derzeitigen \u00dcbungsleiter von diesen Highlights. Von 1988 bis 1995 fanden die Hu\u0308tten dann im Skigebiet Mellau statt \u2013 der Spass blieb natu\u0308rlich derselbe. Ab 1986 profitierte der Skiclub sportlich und ausbildungstechnisch durch den Zuzug von Ekkehard \u201eEkke\u201c Zschoche der Mitglied im Bundeslehrteam Ski Alpin war.<\/p>\n<p>Die Leitung des Skiclubs hatte bis 1984 Benno K\u00f6hle inne, anschlie\u00dfend \u2013 von 1984 bis 2001 \u2013 pr\u00e4gte Hans Steyer den Skiclub. Unterstu\u0308tzung bekam er von 1996 bis 2000 von Frank Sp\u00e4hn, der bereits als junger Bub am Skikurs teilnahm und noch heute aktiver \u00dcbungsleiter ist. Seit 2001 stehen Axel K\u00f6hle, Ju\u0308rgen Hermann und Klaus Walter als Trio an der Spitze des Skiclubs. <\/p>\n<p>Nachdem die Skikurse und \u2013rennen bereits im Kreuztal, in Mellau und in den Flumserbergen stattgefunden haben, wird Skigebiet Balderschwang seit 2002 allj\u00e4hrlich mit begeisterten Skischu\u0308lern angefahren. So fanden auch die Stadtmeisterschaften von 1998 bis 2005 auf der Rennstrecke in Balderschwang statt. <\/p>\n<p><strong>Chronik der Skikursorte<\/strong><\/p>\n<ul>\n<li>Vor 1988: Kreuztal\/Thaler H\u00f6he<\/li>\n<li>1988 \u2013 1991: Balderschwang<\/li>\n<li>1992 \u2013 2000: Flumserberge<\/li>\n<li>2000: Kreuztal &#038; Flumserberg<\/li>\n<li>2001: Balderschwang &#038; Mellau<\/li>\n<li>Seit 2002: Balderschwang<\/li>\n<\/ul>\n<p><strong>Nicht nur auf dem Schnee aktiv<\/strong><\/p>\n<p>Doch nicht nur auf dem Schnee war der Skiclub aktiv: Bereits in den Sommern der 70er Jahre wurden Familienwanderungen zum Falken durchgefu\u0308hrt und zur intensiven und richtigen Vorbereitung auf den Skisport gab es schon fru\u0308h die Skigymnastik unter Leitung von Toni Bu\u0308rker. Anschlie\u00dfend u\u0308bernahm Hans Steyer die Skigymnastik und fu\u0308hrt diese bis zum heutigen Tag. 1980 fand im Gasthof B\u00e4ren der erste von einigen Silvesterb\u00e4llen statt, ein Highlight war hierbei der Auftritt des Schussenexpresses. Nicht unerw\u00e4hnt bleiben du\u0308rfen selbstverst\u00e4ndlich auch die Faschingsb\u00e4lle in der Tenne, die von 1986 bis 1996 durchgefu\u0308hrt wurden. Auch hier kann auf zahlreiche legend\u00e4re Auftritte zuru\u0308ckgeblickt werden.<\/p>\n<p>Ein Highlight in der diesj\u00e4hrigen Jubil\u00e4umssaison wird die einmalige Wiederbelebung einer weiteren alten Tradition sein: das Spanferkelessen bei der Familie H\u00e4rle in Dunzenhausen. Alle Ehemaligen und Freunde des Skiclubs sind herzlich eingeladen mit uns am 08. Juni 2013 in Dunzenhausen das 50j\u00e4hrige Bestehen zu feiern und sich an die ein oder andere sch\u00f6ne Geschichte zu erinnern. N\u00e4here Informationen werdenrechtzeitig im Schussenboten und auf unserer Internetseite bekannt gegeben. <\/p>\n<p>An dieser Stelle m\u00f6chten wir uns bei den genannten und selbstverst\u00e4ndlich auch bei den nicht genannten Personen und \u00dcbungsleitern bedanken, die zur Erfolgsgeschichte des Skiclubs beigetragen haben, besonders bei denjenigen, die fu\u0308r diese Jubil\u00e4umsausgabe in Erinnerungen und Fotoalben gekramt haben.<\/p>\n<p><em>( MR \/ KW ) <\/em><\/p>\n","protected":false},"excerpt":{"rendered":"<p>1962 &#8211; 2012: Skiclub Bad Schussenried Wie alles begann Der zweitk\u00e4lteste Winter seit den Wetteraufzeichnungen, eine 70 Tage ununterbrochen vorhandene Schneedecke und die M\u00f6glichkeit u\u0308ber den zugefrorenen Bodensee zu spazieren: Der Winter 1962\/63 bot optimale Bedingungen fu\u0308r die ersten Skikurse in Schussenried. Organisiert vom damaligen Vorstand des Turnvereins Max Kurz wurde der Kurs am Katzenbuckel [&hellip;]<\/p>\n","protected":false},"author":2,"featured_media":0,"parent":0,"menu_order":7,"comment_status":"closed","ping_status":"closed","template":"","meta":{"footnotes":""},"_links":{"self":[{"href":"https:\/\/www.skiclub-schussenried.de\/index.php?rest_route=\/wp\/v2\/pages\/4"}],"collection":[{"href":"https:\/\/www.skiclub-schussenried.de\/index.php?rest_route=\/wp\/v2\/pages"}],"about":[{"href":"https:\/\/www.skiclub-schussenried.de\/index.php?rest_route=\/wp\/v2\/types\/page"}],"author":[{"embeddable":true,"href":"https:\/\/www.skiclub-schussenried.de\/index.php?rest_route=\/wp\/v2\/users\/2"}],"replies":[{"embeddable":true,"href":"https:\/\/www.skiclub-schussenried.de\/index.php?rest_route=%2Fwp%2Fv2%2Fcomments&post=4"}],"version-history":[{"count":3,"href":"https:\/\/www.skiclub-schussenried.de\/index.php?rest_route=\/wp\/v2\/pages\/4\/revisions"}],"predecessor-version":[{"id":170,"href":"https:\/\/www.skiclub-schussenried.de\/index.php?rest_route=\/wp\/v2\/pages\/4\/revisions\/170"}],"wp:attachment":[{"href":"https:\/\/www.skiclub-schussenried.de\/index.php?rest_route=%2Fwp%2Fv2%2Fmedia&parent=4"}],"curies":[{"name":"wp","href":"https:\/\/api.w.org\/{rel}","templated":true}]}}