{"id":201,"date":"2012-11-16T16:08:43","date_gmt":"2012-11-16T15:08:43","guid":{"rendered":"http:\/\/www.skiclub-schussenried.de\/?page_id=201"},"modified":"2024-10-08T07:25:33","modified_gmt":"2024-10-08T06:25:33","slug":"201-2","status":"publish","type":"page","link":"https:\/\/www.skiclub-schussenried.de\/?page_id=201","title":{"rendered":"Sponsoren &#038; Freunde des Skiclubs"},"content":{"rendered":"<p>Unser Dank gilt unseren Freunden und G\u00f6nnern, die uns teilweise seit vielen Jahren unterst\u00fctzen. Bitte ber\u00fccksichtigen Sie unsere Sponsoren bei Ihrem Einkauf in Aulendorf, Bad Buchau, Ingoldingen und rund um Bad Schussenried. Vielen herzlichen Dank!<\/p>\n\n\n<figure class=\"wp-block-image size-full\"><a href=\"https:\/\/www.skiclub-schussenried.de\/wp-content\/2RC-2c2z-onwhite.jpg\"><img loading=\"lazy\" decoding=\"async\" width=\"762\" height=\"134\" src=\"https:\/\/www.skiclub-schussenried.de\/wp-content\/2RC-2c2z-onwhite.jpg\" alt=\"\" class=\"wp-image-911\" srcset=\"https:\/\/www.skiclub-schussenried.de\/wp-content\/2RC-2c2z-onwhite.jpg 762w, https:\/\/www.skiclub-schussenried.de\/wp-content\/2RC-2c2z-onwhite-300x53.jpg 300w\" sizes=\"(max-width: 762px) 100vw, 762px\" \/><\/a><\/figure>\n\n\n\n<p> <\/p>\n\n\n<div class=\"wp-block-image\">\n<figure class=\"aligncenter size-large is-resized\"><a href=\"https:\/\/www.skiclub-schussenried.de\/wp-content\/Aral_Logo-Kopie.png\"><img loading=\"lazy\" decoding=\"async\" width=\"1024\" height=\"1024\" src=\"https:\/\/www.skiclub-schussenried.de\/wp-content\/Aral_Logo-Kopie-1024x1024.png\" alt=\"\" class=\"wp-image-950\" style=\"width:281px;height:auto\" srcset=\"https:\/\/www.skiclub-schussenried.de\/wp-content\/Aral_Logo-Kopie-1024x1024.png 1024w, https:\/\/www.skiclub-schussenried.de\/wp-content\/Aral_Logo-Kopie-300x300.png 300w, https:\/\/www.skiclub-schussenried.de\/wp-content\/Aral_Logo-Kopie-150x150.png 150w, https:\/\/www.skiclub-schussenried.de\/wp-content\/Aral_Logo-Kopie-768x768.png 768w, https:\/\/www.skiclub-schussenried.de\/wp-content\/Aral_Logo-Kopie-1536x1536.png 1536w, https:\/\/www.skiclub-schussenried.de\/wp-content\/Aral_Logo-Kopie-1200x1200.png 1200w, https:\/\/www.skiclub-schussenried.de\/wp-content\/Aral_Logo-Kopie-1980x1980.png 1980w, https:\/\/www.skiclub-schussenried.de\/wp-content\/Aral_Logo-Kopie.png 2048w\" sizes=\"(max-width: 1024px) 100vw, 1024px\" \/><\/a><figcaption class=\"wp-element-caption\">Aral Tankstelle Peter Ganal<\/figcaption><\/figure><\/div>\n\n\n<p> <\/p>\n\n\n\n<figure class=\"wp-block-image size-large\"><a href=\"https:\/\/www.skiclub-schussenried.de\/wp-content\/Esslinger.png\"><img loading=\"lazy\" decoding=\"async\" width=\"1024\" height=\"613\" src=\"https:\/\/www.skiclub-schussenried.de\/wp-content\/Esslinger-1024x613.png\" alt=\"\" class=\"wp-image-957\" srcset=\"https:\/\/www.skiclub-schussenried.de\/wp-content\/Esslinger-1024x613.png 1024w, https:\/\/www.skiclub-schussenried.de\/wp-content\/Esslinger-300x180.png 300w, https:\/\/www.skiclub-schussenried.de\/wp-content\/Esslinger-768x460.png 768w, https:\/\/www.skiclub-schussenried.de\/wp-content\/Esslinger.png 1041w\" sizes=\"(max-width: 1024px) 100vw, 1024px\" \/><\/a><\/figure>\n\n\n\n<p> <\/p>\n\n\n<div class=\"wp-block-image\">\n<figure class=\"aligncenter size-full is-resized\"><a href=\"https:\/\/www.skiclub-schussenried.de\/wp-content\/Gehweiler-Logo.png\"><img loading=\"lazy\" decoding=\"async\" width=\"321\" height=\"399\" src=\"https:\/\/www.skiclub-schussenried.de\/wp-content\/Gehweiler-Logo.png\" alt=\"\" class=\"wp-image-912\" style=\"width:232px;height:auto\" srcset=\"https:\/\/www.skiclub-schussenried.de\/wp-content\/Gehweiler-Logo.png 321w, https:\/\/www.skiclub-schussenried.de\/wp-content\/Gehweiler-Logo-241x300.png 241w\" sizes=\"(max-width: 321px) 100vw, 321px\" \/><\/a><\/figure><\/div>\n\n\n<p> <\/p>\n\n\n<div class=\"wp-block-image\">\n<figure class=\"aligncenter size-full is-resized\"><a href=\"https:\/\/www.skiclub-schussenried.de\/wp-content\/Logo-Kaiser-grau.bmp\"><img loading=\"lazy\" decoding=\"async\" width=\"912\" height=\"329\" src=\"https:\/\/www.skiclub-schussenried.de\/wp-content\/Logo-Kaiser-grau.bmp\" alt=\"\" class=\"wp-image-928\" style=\"width:593px;height:auto\"\/><\/a><\/figure><\/div>\n\n\n<p> <\/p>\n\n\n<div class=\"wp-block-image\">\n<figure class=\"aligncenter size-full\"><a href=\"https:\/\/www.skiclub-schussenried.de\/wp-content\/SchreinerMayerfoels_logo.jpg\"><img loading=\"lazy\" decoding=\"async\" width=\"929\" height=\"271\" src=\"https:\/\/www.skiclub-schussenried.de\/wp-content\/SchreinerMayerfoels_logo.jpg\" alt=\"\" class=\"wp-image-915\" srcset=\"https:\/\/www.skiclub-schussenried.de\/wp-content\/SchreinerMayerfoels_logo.jpg 929w, https:\/\/www.skiclub-schussenried.de\/wp-content\/SchreinerMayerfoels_logo-300x88.jpg 300w, https:\/\/www.skiclub-schussenried.de\/wp-content\/SchreinerMayerfoels_logo-768x224.jpg 768w\" sizes=\"(max-width: 929px) 100vw, 929px\" \/><\/a><\/figure><\/div>\n\n\n<p> <\/p>\n\n\n<div class=\"wp-block-image\">\n<figure class=\"aligncenter size-full is-resized\"><a href=\"https:\/\/www.skiclub-schussenried.de\/wp-content\/Ritterkeller-Screenshot.png\"><img loading=\"lazy\" decoding=\"async\" width=\"1224\" height=\"923\" src=\"https:\/\/www.skiclub-schussenried.de\/wp-content\/Ritterkeller-Screenshot.png\" alt=\"\" class=\"wp-image-918\" style=\"width:308px;height:auto\" srcset=\"https:\/\/www.skiclub-schussenried.de\/wp-content\/Ritterkeller-Screenshot.png 1224w, https:\/\/www.skiclub-schussenried.de\/wp-content\/Ritterkeller-Screenshot-300x226.png 300w, https:\/\/www.skiclub-schussenried.de\/wp-content\/Ritterkeller-Screenshot-1024x772.png 1024w, https:\/\/www.skiclub-schussenried.de\/wp-content\/Ritterkeller-Screenshot-768x579.png 768w, https:\/\/www.skiclub-schussenried.de\/wp-content\/Ritterkeller-Screenshot-1200x905.png 1200w\" sizes=\"(max-width: 1224px) 100vw, 1224px\" \/><\/a><\/figure><\/div>\n\n\n<p> <\/p>\n\n\n<div class=\"wp-block-image\">\n<figure class=\"aligncenter size-full is-resized\"><a href=\"https:\/\/www.skiclub-schussenried.de\/wp-content\/Rommel-Reisebuero-Logo.png\"><img loading=\"lazy\" decoding=\"async\" width=\"203\" height=\"67\" src=\"https:\/\/www.skiclub-schussenried.de\/wp-content\/Rommel-Reisebuero-Logo.png\" alt=\"\" class=\"wp-image-943\" style=\"width:304px;height:auto\"\/><\/a><\/figure><\/div>\n\n\n<p> <\/p>\n\n\n<div class=\"wp-block-image\">\n<figure class=\"aligncenter size-full is-resized\"><a href=\"https:\/\/www.skiclub-schussenried.de\/wp-content\/image001-1.jpg\"><img loading=\"lazy\" decoding=\"async\" width=\"155\" height=\"160\" src=\"https:\/\/www.skiclub-schussenried.de\/wp-content\/image001-1.jpg\" alt=\"\" class=\"wp-image-919\" style=\"width:295px;height:auto\"\/><\/a><\/figure><\/div>\n\n\n<p> <\/p>\n\n\n<div class=\"wp-block-image\">\n<figure class=\"aligncenter size-large is-resized\"><a href=\"https:\/\/www.skiclub-schussenried.de\/wp-content\/LogoFZSchlegel_Farb.jpg\"><img loading=\"lazy\" decoding=\"async\" width=\"1024\" height=\"316\" src=\"https:\/\/www.skiclub-schussenried.de\/wp-content\/LogoFZSchlegel_Farb-1024x316.jpg\" alt=\"\" class=\"wp-image-946\" style=\"width:525px;height:auto\" srcset=\"https:\/\/www.skiclub-schussenried.de\/wp-content\/LogoFZSchlegel_Farb-1024x316.jpg 1024w, https:\/\/www.skiclub-schussenried.de\/wp-content\/LogoFZSchlegel_Farb-300x92.jpg 300w, https:\/\/www.skiclub-schussenried.de\/wp-content\/LogoFZSchlegel_Farb-768x237.jpg 768w, https:\/\/www.skiclub-schussenried.de\/wp-content\/LogoFZSchlegel_Farb-1536x473.jpg 1536w, https:\/\/www.skiclub-schussenried.de\/wp-content\/LogoFZSchlegel_Farb-1200x370.jpg 1200w, https:\/\/www.skiclub-schussenried.de\/wp-content\/LogoFZSchlegel_Farb-1980x610.jpg 1980w, https:\/\/www.skiclub-schussenried.de\/wp-content\/LogoFZSchlegel_Farb.jpg 2034w\" sizes=\"(max-width: 1024px) 100vw, 1024px\" \/><\/a><\/figure><\/div>\n\n\n<p> <\/p>\n\n\n<div class=\"wp-block-image\">\n<figure class=\"aligncenter size-large is-resized\"><a href=\"https:\/\/www.skiclub-schussenried.de\/wp-content\/Logo_Schussenrieder_OTT_2018_4c.png\"><img loading=\"lazy\" decoding=\"async\" width=\"1024\" height=\"671\" src=\"https:\/\/www.skiclub-schussenried.de\/wp-content\/Logo_Schussenrieder_OTT_2018_4c-1024x671.png\" alt=\"\" class=\"wp-image-920\" style=\"width:452px;height:auto\" srcset=\"https:\/\/www.skiclub-schussenried.de\/wp-content\/Logo_Schussenrieder_OTT_2018_4c-1024x671.png 1024w, https:\/\/www.skiclub-schussenried.de\/wp-content\/Logo_Schussenrieder_OTT_2018_4c-300x197.png 300w, https:\/\/www.skiclub-schussenried.de\/wp-content\/Logo_Schussenrieder_OTT_2018_4c-768x503.png 768w, https:\/\/www.skiclub-schussenried.de\/wp-content\/Logo_Schussenrieder_OTT_2018_4c-1536x1006.png 1536w, https:\/\/www.skiclub-schussenried.de\/wp-content\/Logo_Schussenrieder_OTT_2018_4c-2048x1342.png 2048w, https:\/\/www.skiclub-schussenried.de\/wp-content\/Logo_Schussenrieder_OTT_2018_4c-1200x786.png 1200w, https:\/\/www.skiclub-schussenried.de\/wp-content\/Logo_Schussenrieder_OTT_2018_4c-1980x1297.png 1980w\" sizes=\"(max-width: 1024px) 100vw, 1024px\" \/><\/a><\/figure><\/div>\n\n\n<p> <\/p>\n\n\n<div class=\"wp-block-image\">\n<figure class=\"aligncenter size-full is-resized\"><a href=\"https:\/\/www.skiclub-schussenried.de\/wp-content\/SOP_Bildschrim.png\"><img loading=\"lazy\" decoding=\"async\" width=\"639\" height=\"246\" src=\"https:\/\/www.skiclub-schussenried.de\/wp-content\/SOP_Bildschrim.png\" alt=\"\" class=\"wp-image-921\" style=\"width:418px;height:auto\" srcset=\"https:\/\/www.skiclub-schussenried.de\/wp-content\/SOP_Bildschrim.png 639w, https:\/\/www.skiclub-schussenried.de\/wp-content\/SOP_Bildschrim-300x115.png 300w\" sizes=\"(max-width: 639px) 100vw, 639px\" \/><\/a><\/figure><\/div>\n\n\n<p> <\/p>\n\n\n<div class=\"wp-block-image\">\n<figure class=\"aligncenter size-large is-resized\"><a href=\"https:\/\/www.skiclub-schussenried.de\/wp-content\/Spaehn-Logo.png\"><img loading=\"lazy\" decoding=\"async\" width=\"1024\" height=\"492\" src=\"https:\/\/www.skiclub-schussenried.de\/wp-content\/Spaehn-Logo-1024x492.png\" alt=\"\" class=\"wp-image-1022\" style=\"width:524px;height:auto\" srcset=\"https:\/\/www.skiclub-schussenried.de\/wp-content\/Spaehn-Logo-1024x492.png 1024w, https:\/\/www.skiclub-schussenried.de\/wp-content\/Spaehn-Logo-300x144.png 300w, https:\/\/www.skiclub-schussenried.de\/wp-content\/Spaehn-Logo-768x369.png 768w, https:\/\/www.skiclub-schussenried.de\/wp-content\/Spaehn-Logo-1536x739.png 1536w, https:\/\/www.skiclub-schussenried.de\/wp-content\/Spaehn-Logo-2048x985.png 2048w, https:\/\/www.skiclub-schussenried.de\/wp-content\/Spaehn-Logo-1200x577.png 1200w, https:\/\/www.skiclub-schussenried.de\/wp-content\/Spaehn-Logo-1980x952.png 1980w\" sizes=\"(max-width: 1024px) 100vw, 1024px\" \/><\/a><\/figure><\/div>\n\n\n<p><\/p>\n\n\n<div class=\"wp-block-image\">\n<figure class=\"aligncenter size-full is-resized\"><a href=\"https:\/\/www.skiclub-schussenried.de\/wp-content\/image001-1.png\"><img loading=\"lazy\" decoding=\"async\" width=\"166\" height=\"48\" src=\"https:\/\/www.skiclub-schussenried.de\/wp-content\/image001-1.png\" alt=\"\" class=\"wp-image-959\" style=\"width:290px;height:auto\"\/><\/a><figcaption class=\"wp-element-caption\">Stadler holz &amp; stein design bs GmbH<\/figcaption><\/figure><\/div>\n\n\n<p> <\/p>\n\n\n<div class=\"wp-block-image\">\n<figure class=\"aligncenter size-large is-resized\"><a href=\"https:\/\/www.skiclub-schussenried.de\/wp-content\/Logo-Staudacher-2022_Vektor_Aufkleber-dunkel-scaled.jpg\"><img loading=\"lazy\" decoding=\"async\" width=\"1024\" height=\"345\" src=\"https:\/\/www.skiclub-schussenried.de\/wp-content\/Logo-Staudacher-2022_Vektor_Aufkleber-dunkel-1024x345.jpg\" alt=\"\" class=\"wp-image-933\" style=\"width:505px;height:auto\" srcset=\"https:\/\/www.skiclub-schussenried.de\/wp-content\/Logo-Staudacher-2022_Vektor_Aufkleber-dunkel-1024x345.jpg 1024w, https:\/\/www.skiclub-schussenried.de\/wp-content\/Logo-Staudacher-2022_Vektor_Aufkleber-dunkel-300x101.jpg 300w, https:\/\/www.skiclub-schussenried.de\/wp-content\/Logo-Staudacher-2022_Vektor_Aufkleber-dunkel-768x259.jpg 768w, https:\/\/www.skiclub-schussenried.de\/wp-content\/Logo-Staudacher-2022_Vektor_Aufkleber-dunkel-1536x518.jpg 1536w, https:\/\/www.skiclub-schussenried.de\/wp-content\/Logo-Staudacher-2022_Vektor_Aufkleber-dunkel-2048x691.jpg 2048w, https:\/\/www.skiclub-schussenried.de\/wp-content\/Logo-Staudacher-2022_Vektor_Aufkleber-dunkel-1200x405.jpg 1200w, https:\/\/www.skiclub-schussenried.de\/wp-content\/Logo-Staudacher-2022_Vektor_Aufkleber-dunkel-1980x668.jpg 1980w\" sizes=\"(max-width: 1024px) 100vw, 1024px\" \/><\/a><\/figure><\/div>\n\n\n<p> <\/p>\n\n\n<div class=\"wp-block-image\">\n<figure class=\"aligncenter size-full is-resized\"><a href=\"https:\/\/www.skiclub-schussenried.de\/wp-content\/TBS-Logo-in-Farbe-fuer-Word-geeignet.png\"><img loading=\"lazy\" decoding=\"async\" width=\"858\" height=\"275\" src=\"https:\/\/www.skiclub-schussenried.de\/wp-content\/TBS-Logo-in-Farbe-fuer-Word-geeignet.png\" alt=\"\" class=\"wp-image-923\" style=\"width:512px;height:auto\" srcset=\"https:\/\/www.skiclub-schussenried.de\/wp-content\/TBS-Logo-in-Farbe-fuer-Word-geeignet.png 858w, https:\/\/www.skiclub-schussenried.de\/wp-content\/TBS-Logo-in-Farbe-fuer-Word-geeignet-300x96.png 300w, https:\/\/www.skiclub-schussenried.de\/wp-content\/TBS-Logo-in-Farbe-fuer-Word-geeignet-768x246.png 768w\" sizes=\"(max-width: 858px) 100vw, 858px\" \/><\/a><\/figure><\/div>\n\n\n<p> <\/p>\n\n\n<div class=\"wp-block-image\">\n<figure class=\"aligncenter size-full is-resized\"><a href=\"https:\/\/www.skiclub-schussenried.de\/wp-content\/Usenbenz-Logo.jpg\"><img loading=\"lazy\" decoding=\"async\" width=\"1024\" height=\"383\" src=\"https:\/\/www.skiclub-schussenried.de\/wp-content\/Usenbenz-Logo.jpg\" alt=\"\" class=\"wp-image-926\" style=\"width:503px;height:auto\" srcset=\"https:\/\/www.skiclub-schussenried.de\/wp-content\/Usenbenz-Logo.jpg 1024w, https:\/\/www.skiclub-schussenried.de\/wp-content\/Usenbenz-Logo-300x112.jpg 300w, https:\/\/www.skiclub-schussenried.de\/wp-content\/Usenbenz-Logo-768x287.jpg 768w\" sizes=\"(max-width: 1024px) 100vw, 1024px\" \/><\/a><\/figure><\/div>\n\n\n<p> <\/p>\n\n\n<div class=\"wp-block-image\">\n<figure class=\"aligncenter size-full is-resized\"><a href=\"https:\/\/www.skiclub-schussenried.de\/wp-content\/170425_WalserLogo_transparent_verkleinert.jpg\"><img loading=\"lazy\" decoding=\"async\" width=\"900\" height=\"447\" src=\"https:\/\/www.skiclub-schussenried.de\/wp-content\/170425_WalserLogo_transparent_verkleinert.jpg\" alt=\"\" class=\"wp-image-925\" style=\"width:513px;height:auto\" srcset=\"https:\/\/www.skiclub-schussenried.de\/wp-content\/170425_WalserLogo_transparent_verkleinert.jpg 900w, https:\/\/www.skiclub-schussenried.de\/wp-content\/170425_WalserLogo_transparent_verkleinert-300x149.jpg 300w, https:\/\/www.skiclub-schussenried.de\/wp-content\/170425_WalserLogo_transparent_verkleinert-768x381.jpg 768w\" sizes=\"(max-width: 900px) 100vw, 900px\" \/><\/a><\/figure><\/div>\n\n\n<p>a+b Asphalt- und Betonmischwerke GmbH<\/p>\n\n\n\n<p>Druckerei Abt <\/p>\n\n\n\n<p>Allianz Versicherungen Rudolf Rutka<\/p>\n\n\n\n<p>BMW Munding, Biberach<\/p>\n\n\n\n<p>Britsch Antiquit\u00e4ten<\/p>\n\n\n\n<p>Schlosserei G\u00f6gler<\/p>\n\n\n\n<p>Haitz Elektro<\/p>\n\n\n\n<p>H\u00e4rles Mostbesen<\/p>\n\n\n\n<p>Klosterhof<\/p>\n\n\n\n<p>Elektro Mayerf\u00f6ls<\/p>\n\n\n\n<p>Nestelele Ulrich Zahnarztpraxis<\/p>\n\n\n\n<p>Raiffeisenbank Bad Schussenried eG<\/p>\n\n\n\n<p>Thermotec &#8211; equatronic<\/p>\n\n\n\n<p>Vorwerk Kieble<\/p>\n\n\n\n<p>W+D Energie- und Baumanagement<\/p>\n\n\n\n<p>Weinstadel<\/p>\n","protected":false},"excerpt":{"rendered":"<p>Unser Dank gilt unseren Freunden und G\u00f6nnern, die uns teilweise seit vielen Jahren unterst\u00fctzen. Bitte ber\u00fccksichtigen Sie unsere Sponsoren bei Ihrem Einkauf in Aulendorf, Bad Buchau, Ingoldingen und rund um Bad Schussenried. Vielen herzlichen Dank! a+b Asphalt- und Betonmischwerke GmbH Druckerei Abt Allianz Versicherungen Rudolf Rutka BMW Munding, Biberach Britsch Antiquit\u00e4ten Schlosserei G\u00f6gler Haitz Elektro [&hellip;]<\/p>\n","protected":false},"author":8,"featured_media":0,"parent":0,"menu_order":8,"comment_status":"closed","ping_status":"open","template":"","meta":{"footnotes":""},"_links":{"self":[{"href":"https:\/\/www.skiclub-schussenried.de\/index.php?rest_route=\/wp\/v2\/pages\/201"}],"collection":[{"href":"https:\/\/www.skiclub-schussenried.de\/index.php?rest_route=\/wp\/v2\/pages"}],"about":[{"href":"https:\/\/www.skiclub-schussenried.de\/index.php?rest_route=\/wp\/v2\/types\/page"}],"author":[{"embeddable":true,"href":"https:\/\/www.skiclub-schussenried.de\/index.php?rest_route=\/wp\/v2\/users\/8"}],"replies":[{"embeddable":true,"href":"https:\/\/www.skiclub-schussenried.de\/index.php?rest_route=%2Fwp%2Fv2%2Fcomments&post=201"}],"version-history":[{"count":26,"href":"https:\/\/www.skiclub-schussenried.de\/index.php?rest_route=\/wp\/v2\/pages\/201\/revisions"}],"predecessor-version":[{"id":1023,"href":"https:\/\/www.skiclub-schussenried.de\/index.php?rest_route=\/wp\/v2\/pages\/201\/revisions\/1023"}],"wp:attachment":[{"href":"https:\/\/www.skiclub-schussenried.de\/index.php?rest_route=%2Fwp%2Fv2%2Fmedia&parent=201"}],"curies":[{"name":"wp","href":"https:\/\/api.w.org\/{rel}","templated":true}]}}